{"id":9073,"date":"2021-02-12T13:52:41","date_gmt":"2021-02-12T12:52:41","guid":{"rendered":"https:\/\/sinium.cz\/produkt\/cbd-indoor-kvety-harley-quinn-2g\/"},"modified":"2021-02-12T19:44:19","modified_gmt":"2021-02-12T18:44:19","slug":"cbd-indoor-kvety-harley-quinn-2g","status":"publish","type":"product","link":"https:\/\/sinium.cz\/sk\/produkt\/cbd-indoor-kvety-harley-quinn-2g\/","title":{"rendered":"CBD indoor kvety Harley Quinn 2g"},"content":{"rendered":"<h4>CBD indoor kvety Harley Quinn 2g<\/h4>\n<p>Konopn\u00e9 a CBD palice vypadaj\u00ed a von\u00ed stejn\u011b jako ty b\u011b\u017en\u00e9,tak\u017ee mezi nimi nepozn\u00e1te vizu\u00e1ln\u00ed rozd\u00edl. V obou p\u0159\u00edpadech jde o konop\u00ed. Existuje pouze jeden velk\u00fd rozd\u00edl,mezi CBD kv\u011btem a t\u00edm b\u011b\u017en\u00fdm. B\u011b\u017en\u00e9 konop\u00ed obsahuje vysok\u00e9 hladiny THC (psychoaktivn\u00ed slou\u010denina) a n\u00edzk\u00e9 hladiny CBD (nepsychoaktivn\u00ed l\u00e1tka,kter\u00e1 uvol\u0148uje) . Na druh\u00e9 stran\u011b CBD kv\u011bty obsahuj\u00ed vysok\u00e9 hladiny CBD a velmi n\u00edzk\u00e9 hladiny THC. CBD palice, v\u017edy tedy obsahuj\u00ed stopov\u00e9 mno\u017estv\u00ed THC (pod 0,2%). Neexistuje tedy, nic takov\u00e9ho, jako CBD kv\u011bt zcela bez THC.<\/p>\n<p>*CBD konop\u00ed a ani jin\u00e9 v\u00fdrobky s CBD neslou\u017e\u00ed ke kou\u0159en\u00ed,a ani k jin\u00e9 form\u011b u\u017e\u00edv\u00e1n\u00ed. CBD indoor kvety ,kter\u00e9 koup\u00edte z na\u0161eho e-shopu, tedy slou\u017e\u00ed sp\u00ed\u0161e ke sb\u011bratelsk\u00fdm,nebo v\u00fdskumnick\u00fdm \u00fa\u010del\u016fm a to i p\u0159esto, \u017ee by v\u00e1m u\u017e\u00edv\u00e1n\u00ed nezp\u016fsobilo \u017e\u00e1dn\u00e9 obt\u00ed\u017ee.<\/p>\n","protected":false},"excerpt":{"rendered":"<p><strong>Harleyquinn<\/strong> je odr\u016fda 75\/25 dominantn\u00ed na Sativu.<br \/>\nProslul\u00fd je, pro svou spolehlivou v\u00fdraznost <strong>CBD<\/strong>. K\u0159\u00ed\u017eenec Colombian Gold x Nepali Indica x Thajsk\u00fdch a \u0160v\u00fdcarsk\u00fdch &#8220;krajin\u00e1\u0159sk\u00fdch&#8221; odr\u016fd.<\/p>\n<p>U <strong>Harleyquinn<\/strong> se m\u016f\u017eete spolehnout,\u017ee poskytne jasn\u00e9 a v\u00fdrazn\u00e9 &#8220;Sativa&#8221; efekty, po kter\u00fdch, budete m\u00edt &#8220;\u010distou hlavu&#8221;.<br \/>\nD\u00edky vysok\u00e9 hladin\u011b <strong>CBD<\/strong> je tato odr\u016fda &#8211; Harleyquinn, jedn\u00edm z nej\u00fa\u010dinn\u011bj\u0161\u00edch pro tlumen\u00ed bolest\u00ed a \u00fazkost\u00ed. CBD m\u016f\u017ee tak\u00e9 p\u016fsobit proti paranoii z THC a zesilovat jeho vlastnosti tlum\u00edc\u00ed bolest. Chut\u00ed se m\u016f\u017ee pohybovat od zemsk\u00e9ho pi\u017ema, a\u017e po sladk\u00e9 mango, ale co bez pochyby k Harlequinu p\u0159itahuje davy ,je jeho schopnost relaxovat bez utlumen\u00ed a uvol\u0148ovat se bez intoxikace.<\/p>\n","protected":false},"featured_media":9006,"template":"","meta":[],"product_cat":[198],"product_tag":[],"_links":{"self":[{"href":"https:\/\/sinium.cz\/sk\/wp-json\/wp\/v2\/product\/9073"}],"collection":[{"href":"https:\/\/sinium.cz\/sk\/wp-json\/wp\/v2\/product"}],"about":[{"href":"https:\/\/sinium.cz\/sk\/wp-json\/wp\/v2\/types\/product"}],"wp:featuredmedia":[{"embeddable":true,"href":"https:\/\/sinium.cz\/sk\/wp-json\/wp\/v2\/media\/9006"}],"wp:attachment":[{"href":"https:\/\/sinium.cz\/sk\/wp-json\/wp\/v2\/media?parent=9073"}],"wp:term":[{"taxonomy":"product_cat","embeddable":true,"href":"https:\/\/sinium.cz\/sk\/wp-json\/wp\/v2\/product_cat?post=9073"},{"taxonomy":"product_tag","embeddable":true,"href":"https:\/\/sinium.cz\/sk\/wp-json\/wp\/v2\/product_tag?post=9073"}],"curies":[{"name":"wp","href":"https:\/\/api.w.org\/{rel}","templated":true}]}}