{"id":9072,"date":"2021-02-12T13:25:22","date_gmt":"2021-02-12T12:25:22","guid":{"rendered":"https:\/\/sinium.cz\/produkt\/cbd-moonrock-80-2g\/"},"modified":"2021-02-12T13:25:22","modified_gmt":"2021-02-12T12:25:22","slug":"cbd-moonrock-80-2g","status":"publish","type":"product","link":"https:\/\/sinium.cz\/sk\/produkt\/cbd-moonrock-80-2g\/","title":{"rendered":"CBD Moonrock 80% 2g"},"content":{"rendered":"","protected":false},"excerpt":{"rendered":"<p>K v\u00fdrob\u011b <strong>CBD Moonrocku<\/strong> se pou\u017e\u00edvaj\u00ed kv\u011bty konop\u00ed,kter\u00e9 se namo\u010d\u00ed do konopn\u00e9ho extraktu. N\u00e1sledn\u011b se posypou prysky\u0159ic\u00ed z kv\u011bt\u016f,tak\u00e9 zn\u00e1m\u00e9 jako kief. Prysky\u0159ice,kter\u00e1 je hlavn\u00edm nositelem l\u00e1tek, jako je THC nebo CBD vytvo\u0159\u00ed okolo palice konop\u00ed silnou vrstvu. Tohoto kanabinoidu maj\u00ed tyto v\u00fdrobky b\u011b\u017en\u011b mezi 50-90%. Z tohoto d\u016fvodu, rozhodn\u011b nejsou vhodn\u00e9 pro \u00fapln\u00e9 za\u010d\u00e1te\u010dn\u00edky.<\/p>\n<p>*CBD konop\u00ed a ani jin\u00e9 v\u00fdrobky s CBD neslou\u017e\u00ed ke kou\u0159en\u00ed,a ani k jin\u00e9 form\u011b u\u017e\u00edv\u00e1n\u00ed. CBD moonrocky, kter\u00e9 koup\u00edte z na\u0161eho e-shopu,tedy slou\u017e\u00ed sp\u00ed\u0161e ke sb\u011bratelsk\u00fdm,nebo v\u00fdskumnick\u00fdm \u00fa\u010del\u016fm a to i p\u0159esto,\u017ee by v\u00e1m u\u017e\u00edv\u00e1n\u00ed nezp\u016fsobilo \u017e\u00e1dn\u00e9 obt\u00ed\u017ee.<\/p>\n","protected":false},"featured_media":8990,"template":"","meta":[],"product_cat":[198],"product_tag":[],"_links":{"self":[{"href":"https:\/\/sinium.cz\/sk\/wp-json\/wp\/v2\/product\/9072"}],"collection":[{"href":"https:\/\/sinium.cz\/sk\/wp-json\/wp\/v2\/product"}],"about":[{"href":"https:\/\/sinium.cz\/sk\/wp-json\/wp\/v2\/types\/product"}],"wp:featuredmedia":[{"embeddable":true,"href":"https:\/\/sinium.cz\/sk\/wp-json\/wp\/v2\/media\/8990"}],"wp:attachment":[{"href":"https:\/\/sinium.cz\/sk\/wp-json\/wp\/v2\/media?parent=9072"}],"wp:term":[{"taxonomy":"product_cat","embeddable":true,"href":"https:\/\/sinium.cz\/sk\/wp-json\/wp\/v2\/product_cat?post=9072"},{"taxonomy":"product_tag","embeddable":true,"href":"https:\/\/sinium.cz\/sk\/wp-json\/wp\/v2\/product_tag?post=9072"}],"curies":[{"name":"wp","href":"https:\/\/api.w.org\/{rel}","templated":true}]}}