{"id":3629,"date":"2020-02-14T16:57:46","date_gmt":"2020-02-14T15:57:46","guid":{"rendered":"https:\/\/sinium.cz\/produkt\/cbd-olej-30-full-spectrum\/"},"modified":"2021-09-07T05:20:25","modified_gmt":"2021-09-07T03:20:25","slug":"cbd-olej-30-full-spectrum","status":"publish","type":"product","link":"https:\/\/sinium.cz\/sk\/produkt\/cbd-olej-30-full-spectrum\/","title":{"rendered":"CBD olej 30% full spectrum"},"content":{"rendered":"<p><strong>CBD olej 30% full spectrum<\/strong><\/p>\n<p><strong>MCT Olej obohaten\u00fd CBD (3000mg)<\/strong><\/p>\n<p><strong>Doporu\u010den\u00e1 denn\u00e1 d\u00e1vka:<\/strong> 2 a\u017e 6 kvapiek denne.<\/p>\n<p><strong>Zlo\u017eenie: <\/strong>MCT olej (stredn\u00e9 nas\u00fdten\u00e9 triacylglyceroly z kokosov\u00e9ho oleja), CBD (kanabidiol) 3 g \/ 10 ml pr\u00edpravku<\/p>\n<p>\u010ealej obsahuje: CBDA (kyselina kanabidiolov\u00e1), CBG (kanabigerol), CBDV (kanabidivarin), CBCA (kyselina<br \/>\nkanabichromenov\u00e1)<\/p>\n<p>Neobsahuje umel\u00e9 farbiv\u00e1, aromatick\u00e9 ani konzerva\u010dn\u00e9 l\u00e1tky.<\/p>\n<p><strong>Obsah balenia 10ml \/ Obsahuje 3000mg CBD<\/strong><\/p>\n<p><strong>V\u00fdrobca: Sinium s.r.o. , Mari\u00e1nsk\u00e9 n\u00e1m\u011bst\u00ed 617\/1, 617 00 Brno, I\u010cO 07757484, obchod@sinium.cz\u00a0<\/strong><\/p>\n<p>Uchov\u00e1vajte mimo dosahu mal\u00fdch det\u00ed.<br \/>\nDoplnok stravy nesl\u00fa\u017ei ako n\u00e1hrada pestrej a vyv\u00e1\u017eenej stravy a zdrav\u00e9ho \u017eivotn\u00e9ho \u0161t\u00fdlu.<br \/>\nNeprekra\u010dujte odpor\u00fa\u010dan\u00e9 denn\u00e9 d\u00e1vkovanie.<br \/>\nNie je ur\u010den\u00e9 pre deti, tehotn\u00e9 a doj\u010diace \u017eeny.<\/p>\n<p>[vc_row full_width=&#8221;stretch_row_content&#8221; equal_height=&#8221;yes&#8221; content_placement=&#8221;top&#8221; css=&#8221;.vc_custom_1583883366019{background-color: #f7f7f9 !important;}&#8221; el_id=&#8221;popisproduktu&#8221;][vc_column width=&#8221;1\/2&#8243;][vc_column_text]<\/p>\n<h4 style=\"text-align: center;\">\u00da\u010dinok produktu a jeho pr\u00ednos pre V\u00e1s:<\/h4>\n<ul>\n<li>lep\u0161\u00ed sp\u00e1nok<\/li>\n<li>menej stresu<\/li>\n<li>imunita<\/li>\n<li>uk\u013eudnenie<\/li>\n<\/ul>\n<p>[\/vc_column_text][\/vc_column][vc_column width=&#8221;1\/2&#8243;][vc_column_text]<\/p>\n<h4 style=\"text-align: center;\">Doporu\u010den\u00e9 d\u00e1vkovanie a u\u017e\u00edvanie:<\/h4>\n<ul>\n<li>1 kvapka jedenkr\u00e1t denne (pr\u00edpadne je d\u00e1vkovanie mo\u017en\u00e9 upravi\u0165 individu\u00e1lne pod\u013ea potrieb, resp. s\u00a0oh\u013eadom na potrebu rie\u0161enia zdravotn\u00fdch probl\u00e9mov u\u017e\u00edvate\u013ea).<\/li>\n<li>Pred pou\u017eit\u00edm d\u00f4kladne pretrepte.<\/li>\n<li>Pod\u00e1vajte aspo\u0148 30 min\u00fat pred jedlom na la\u010dn\u00fd \u017eal\u00fadok.<\/li>\n<li>Kvapkadlo s\u00a0olejom vlo\u017ete pod jazyk.<\/li>\n<li>Nakvapkajte odpor\u00fa\u010dan\u00fa d\u00e1vku pod jazyk.<\/li>\n<li>Nechajte CBD olej p\u00f4sobi\u0165 pod jazykom 60 sek\u00fand a\u00a0n\u00e1sledne prehltnite.<\/li>\n<li>Mo\u017en\u00e9 prida\u0165 aj do \u010derstv\u00fdch ovocn\u00fdch, \u010di zeleninov\u00fdch \u0161tiav.<\/li>\n<li>Odpor\u00fa\u010dame neprekra\u010dova\u0165 doporu\u010den\u00fa denn\u00fa d\u00e1vku.<\/li>\n<\/ul>\n<p>[\/vc_column_text][\/vc_column][\/vc_row][vc_row full_width=&#8221;stretch_row_content&#8221; content_placement=&#8221;top&#8221; css=&#8221;.vc_custom_1583883559645{background-color: #f7f7f9 !important;}&#8221; el_id=&#8221;popisproduktu&#8221;][vc_column][vc_column_text]*Doplnok stravy. Pr\u00edpravok nie je ur\u010den\u00fd ako n\u00e1hrada pestrej stravy. Uchov\u00e1vajte mimo dosah det\u00ed. Skladujte na tmavom, suchom a\u00a0chladnom mieste do 20 \u00b0C. Chr\u00e1\u0148te pred slne\u010dn\u00fdm \u017eiaren\u00edm a\u00a0mrazom. Dbajte na minim\u00e1lnu trvanlivos\u0165 do d\u00e1tumu uvedenom na obale produktu.[\/vc_column_text][\/vc_column][\/vc_row]<\/p>\n","protected":false},"excerpt":{"rendered":"<p>FULL SPECTRUM \u2013 extrakt vyroben\u00fd z konopn\u00fdch rastl\u00edn vr\u00e1tane listov a kvetov pre dosiahnutie a udr\u017eanie v\u0161etk\u00fdch potrebn\u00fdch \u017eiv\u00edn a lie\u010div obsiahnut\u00fdch v tejto silnej rastline. Nesyntetick\u00fd a neizolovan\u00fd produkt, ktor\u00fd svojou kvalitou a zlo\u017een\u00edm poskytuje z\u00e1ruku maxim\u00e1lnej miery vyu\u017eitia v\u0161etk\u00fdch benefitov tohto pr\u00edrodn\u00e9ho produktu. Jedine\u010dn\u00fd doplnok stravy, ktor\u00fd blahod\u00e1rne p\u00f4sob\u00ed na prirodzen\u00e9 procesy \u013eudsk\u00e9ho organizmu, podporuje jeho obranyschopnos\u0165 a schopnos\u0165 regener\u00e1cie aj pri nadmernej miere za\u0165a\u017eenia organizmu. Unik\u00e1tny produkt schopn\u00fd v\u00a0maxim\u00e1lnej sile vstreba\u0165 v\u0161etky v\u00fdhody konope, ktor\u00e9 potrebujete na posilnenie V\u00e1\u0161ho imunitn\u00e9ho syst\u00e9mu.<\/p>\n<p>CBD nevyvol\u00e1va a nesp\u00f4sobuje \u017eiadne psychoakt\u00edvne \u00fa\u010dinky.<\/p>\n<p><strong>Objem: 10ml \/ Obsahuje 3000mg CBD<\/strong><\/p>\n<p><strong>V\u00fdrobca: Sinium s.r.o. , Mari\u00e1nsk\u00e9 n\u00e1m\u011bst\u00ed 617\/1, 617 00 Brno, I\u010cO 07757484, obchod@sinium.cz\u00a0<\/strong><\/p>\n","protected":false},"featured_media":11213,"template":"","meta":[],"product_cat":[126],"product_tag":[],"_links":{"self":[{"href":"https:\/\/sinium.cz\/sk\/wp-json\/wp\/v2\/product\/3629"}],"collection":[{"href":"https:\/\/sinium.cz\/sk\/wp-json\/wp\/v2\/product"}],"about":[{"href":"https:\/\/sinium.cz\/sk\/wp-json\/wp\/v2\/types\/product"}],"wp:featuredmedia":[{"embeddable":true,"href":"https:\/\/sinium.cz\/sk\/wp-json\/wp\/v2\/media\/11213"}],"wp:attachment":[{"href":"https:\/\/sinium.cz\/sk\/wp-json\/wp\/v2\/media?parent=3629"}],"wp:term":[{"taxonomy":"product_cat","embeddable":true,"href":"https:\/\/sinium.cz\/sk\/wp-json\/wp\/v2\/product_cat?post=3629"},{"taxonomy":"product_tag","embeddable":true,"href":"https:\/\/sinium.cz\/sk\/wp-json\/wp\/v2\/product_tag?post=3629"}],"curies":[{"name":"wp","href":"https:\/\/api.w.org\/{rel}","templated":true}]}}