{"id":11240,"date":"2021-09-07T05:11:19","date_gmt":"2021-09-07T03:11:19","guid":{"rendered":"https:\/\/sinium.cz\/produkt\/cbd-20-full-spectrum\/"},"modified":"2021-09-08T16:47:48","modified_gmt":"2021-09-08T14:47:48","slug":"cbd-20-full-spectrum","status":"publish","type":"product","link":"https:\/\/sinium.cz\/sk\/produkt\/cbd-20-full-spectrum\/","title":{"rendered":"CBD olej 20% full spectrum"},"content":{"rendered":"<p><strong>CBD olej 20% full spectrum<\/strong><\/p>\n<p><strong>MCT Olej obohaten\u00fd CBD (2000mg)<\/strong><\/p>\n<p><strong>Doporu\u010den\u00e1 denn\u00e1 d\u00e1vka:<\/strong> 2 a\u017e 6 kvapiek denne.<\/p>\n<p><strong>Zlo\u017eenie:<\/strong> MCT olej (stredne nas\u00fdten\u00e9 triacyglyceroly z kokosov\u00e9ho oleja)<br \/>\nCBD (kanabidiol), CBG (kanabigerol)<br \/>\n2 g CBD\/10ml pr\u00edpravku<\/p>\n<p><strong>Obsah balenia 10ml \/ Obsahuje 2000mg CBD<\/strong><\/p>\n<p><strong>V\u00fdrobca: Sinium s.r.o. , Mari\u00e1nsk\u00e9 n\u00e1m\u011bst\u00ed 617\/1, 617 00 Brno, I\u010cO 07757484, obchod@sinium.cz\u00a0<\/strong><\/p>\n<p>Uchov\u00e1vajte mimo dosah mal\u00fdch det\u00ed<br \/>\nDoplnok stravy nesl\u00fa\u017ei ako n\u00e1hrada pestrej a vyv\u00e1\u017eenej stravy a zdrav\u00e9ho \u017eivotn\u00e9ho \u0161t\u00fdlu.<br \/>\nNeprekra\u010dujte doporu\u010den\u00e9 denn\u00e9 d\u00e1vkovanie.<br \/>\nNen\u00ed ur\u010den\u00e9 pre deti, tehotn\u00e9 a kojiace \u017eeny.<\/p>\n","protected":false},"excerpt":{"rendered":"<p><strong>Objem: 10ml \/ Obsahuje 2000mg CBD<\/strong><\/p>\n<p><strong>V\u00fdrobca: Sinium s.r.o. , Mari\u00e1nsk\u00e9 n\u00e1m\u011bst\u00ed 617\/1, 617 00 Brno, I\u010cO 07757484, obchod@sinium.cz\u00a0<\/strong><\/p>\n","protected":false},"featured_media":11228,"template":"","meta":[],"product_cat":[126],"product_tag":[],"_links":{"self":[{"href":"https:\/\/sinium.cz\/sk\/wp-json\/wp\/v2\/product\/11240"}],"collection":[{"href":"https:\/\/sinium.cz\/sk\/wp-json\/wp\/v2\/product"}],"about":[{"href":"https:\/\/sinium.cz\/sk\/wp-json\/wp\/v2\/types\/product"}],"wp:featuredmedia":[{"embeddable":true,"href":"https:\/\/sinium.cz\/sk\/wp-json\/wp\/v2\/media\/11228"}],"wp:attachment":[{"href":"https:\/\/sinium.cz\/sk\/wp-json\/wp\/v2\/media?parent=11240"}],"wp:term":[{"taxonomy":"product_cat","embeddable":true,"href":"https:\/\/sinium.cz\/sk\/wp-json\/wp\/v2\/product_cat?post=11240"},{"taxonomy":"product_tag","embeddable":true,"href":"https:\/\/sinium.cz\/sk\/wp-json\/wp\/v2\/product_tag?post=11240"}],"curies":[{"name":"wp","href":"https:\/\/api.w.org\/{rel}","templated":true}]}}