{"id":5972,"date":"2020-06-13T18:37:03","date_gmt":"2020-06-13T16:37:03","guid":{"rendered":"https:\/\/sinium.cz\/reklamacny-poriadok\/"},"modified":"2022-11-13T02:16:53","modified_gmt":"2022-11-13T01:16:53","slug":"reklamacny-poriadok","status":"publish","type":"page","link":"https:\/\/sinium.cz\/sk\/reklamacny-poriadok\/","title":{"rendered":"Reklama\u010dn\u00fd poriadok"},"content":{"rendered":"<p>[vc_row][vc_column][vc_column_text]<\/p>\n<p>Z\u00e1ruka na zbo\u017e\u00ed, prod\u00e1van\u00e9 prost\u0159ednictv\u00edm e-shopu, se \u0159\u00edd\u00ed a je v souladu<br \/>s platnou legislativou.<\/p>\n\n\n<p>Je-li kupuj\u00edc\u00edm spot\u0159ebitel a nen\u00ed-li v z\u00e1ru\u010dn\u00edm listu uvedena lh\u016fta del\u0161\u00ed,<br \/>\u010din\u00ed z\u00e1ru\u010dn\u00ed doba 24 m\u011bs\u00edc\u016f od p\u0159evzet\u00ed zbo\u017e\u00ed.<\/p>\n\n\n<p>Je-li na prod\u00e1van\u00e9 v\u011bci, jej\u00edm obalu nebo n\u00e1vodu k n\u00ed p\u0159ipojen\u00e9m vyzna\u010dena<br \/>v souladu se zvl\u00e1\u0161tn\u00edmi pr\u00e1vn\u00edmi p\u0159edpisy lh\u016fta k pou\u017eit\u00ed v\u011bci, skon\u010d\u00ed z\u00e1ru\u010dn\u00ed<br \/>doba uplynut\u00edm t\u00e9to lh\u016fty.<\/p>\n\n\n<p>Z\u00e1ruka se nevztahuje na opot\u0159eben\u00ed v\u011bci zp\u016fsoben\u00e9<br \/>jej\u00edm obvykl\u00fdm u\u017e\u00edv\u00e1n\u00edm.<\/p>\n\n\n<p>U v\u011bc\u00ed prod\u00e1van\u00fdch za ni\u017e\u0161\u00ed cenu se z\u00e1ruka nevztahuje<br \/>na vady, pro kter\u00e9 byla ni\u017e\u0161\u00ed cena sjedn\u00e1na.<\/p>\n\n\n<p>V z\u00e1vislosti na<br \/>povaze vady m\u00e1 kupuj\u00edc\u00ed p\u0159i uplatn\u011bn\u00ed reklamace tato pr\u00e1va:<\/p>\n\n\n<ul>\n<li><strong><em>Jde-li<br \/>o vadu, kterou lze odstranit<\/em><\/strong>, m\u00e1 kupuj\u00edc\u00ed pr\u00e1vo, aby byla bezplatn\u011b, v\u010das a \u0159\u00e1dn\u011b odstran\u011bna, a<br \/>prod\u00e1vaj\u00edc\u00ed je povinen vadu bez zbyte\u010dn\u00e9ho odkladu odstranit. Nen\u00ed-li to<br \/>vzhledem k povaze vady ne\u00fam\u011brn\u00e9, m\u016f\u017ee kupuj\u00edc\u00ed po\u017eadovat v\u00fdm\u011bnu v\u011bci, nebo<br \/>t\u00fdk\u00e1-li se vada jen sou\u010d\u00e1sti v\u011bci, v\u00fdm\u011bnu sou\u010d\u00e1sti. Nen\u00ed-li takov\u00fd postup<br \/>mo\u017en\u00fd, m\u016f\u017ee kupuj\u00edc\u00ed \u017e\u00e1dat p\u0159im\u011b\u0159enou slevu z ceny v\u011bci nebo od smlouvy<br \/>odstoupit.<\/li>\n<li><strong><em>Jde-li o vadu<br \/>neodstranitelnou<\/em><\/strong> a br\u00e1n\u00edc\u00ed \u0159\u00e1dn\u00e9mu u\u017e\u00edv\u00e1n\u00ed zbo\u017e\u00ed, pr\u00e1vo na v\u00fdm\u011bnu vadn\u00e9ho zbo\u017e\u00ed nebo<br \/>odstoupen\u00ed od kupn\u00ed smlouvy, tat\u00e1\u017e pr\u00e1va kupuj\u00edc\u00edmu n\u00e1le\u017e\u00ed, jde-li sice o vady<br \/>odstraniteln\u00e9, jestli\u017ee v\u0161ak kupuj\u00edc\u00ed nem\u016f\u017ee pro op\u011btovn\u00e9 vyskytnut\u00ed vady po<br \/>oprav\u011b nebo pro v\u011bt\u0161\u00ed po\u010det vad v\u011bc \u0159\u00e1dn\u011b u\u017e\u00edvat. Za op\u011btovn\u00e9 vyskytnut\u00ed vady<br \/>se pova\u017euje, jestli\u017ee stejn\u00e1 vada br\u00e1n\u00edc\u00ed \u0159\u00e1dn\u00e9mu u\u017e\u00edv\u00e1n\u00ed, je\u017e byla v z\u00e1ru\u010dn\u00ed<br \/>dob\u011b ji\u017e nejm\u00e9n\u011b dvakr\u00e1t odstra\u0148ov\u00e1na, se vyskytne znovu. V\u011bt\u0161\u00edm po\u010dtem vad se<br \/>rozum\u00ed, m\u00e1-li v\u011bc sou\u010dasn\u011b alespo\u0148 t\u0159i vady br\u00e1n\u00edc\u00ed jej\u00edmu \u0159\u00e1dn\u00e9mu u\u017eit\u00ed.<\/li>\n<li><strong>Jde-li o jin\u00e9 vady<br \/>neodstraniteln\u00e9 a nepo\u017eaduje-li spot\u0159ebitel v\u00fdm\u011bnu v\u011bci<\/strong>, m\u00e1 pr\u00e1vo na<br \/>p\u0159im\u011b\u0159enou slevu z kupn\u00ed ceny nebo odstoupen\u00ed od kupn\u00ed smlouvy.<\/li>\n<\/ul>\n\n\n<p>P\u0159i reklamaci je kupuj\u00edc\u00ed povinen p\u0159edlo\u017eit doklad o<br \/>n\u00e1kupu a vyplnit pr\u016fvodn\u00ed list \/ reklama\u010dn\u00ed formul\u00e1\u0159.<\/p>\n\n\n<p>ONLINE FORMUL\u00c1\u0158 JSI ST\u00c1HNETE TADY :\u00a0<strong><a href=\"http:\/\/sinium.cz\" target=\"_blank\" rel=\"noreferrer noopener\" aria-label=\" (otvor\u00ed sa v novej karte)\">Sinium_REKLAMACNY_FORMULAR<\/a><\/strong><strong> \u00a0(vi\u010f samostatn\u00e1 pr\u00edloha)<\/strong><\/p>\n\n\n<p>Prod\u00e1vaj\u00edc\u00ed informuje o stavu reklamace kupuj\u00edc\u00edho.<br \/><\/p>\n\n<p>O reklamaci prod\u00e1vaj\u00edc\u00ed rozhodne ihned, ve slo\u017eit\u00fdch<br \/>p\u0159\u00edpadech do 3 a\u017e 14 pracovn\u00edch dn\u016f. Do t\u00e9to lh\u016fty se nezapo\u010d\u00edt\u00e1v\u00e1 doba<br \/>p\u0159im\u011b\u0159en\u00e1 podle druhu v\u00fdrobku, \u010di slu\u017eby pot\u0159ebn\u00e1 k odborn\u00e9mu posouzen\u00ed vady.<br \/>Reklamaci v\u010detn\u011b odstran\u011bn\u00ed vady prod\u00e1vaj\u00edc\u00ed vy\u0159\u00edd\u00ed bez zbyte\u010dn\u00e9ho odkladu,<br \/>nejpozd\u011bji do 30 dn\u016f ode dne uplatn\u011bn\u00ed reklamace. Po uplynut\u00ed t\u00e9to lh\u016fty m\u00e1<br \/>spot\u0159ebitel stejn\u00e1 pr\u00e1va, jako by se jednalo o vadu, kterou nelze odstranit.<\/p>\n\n\n<p>V p\u0159\u00edpad\u011b opr\u00e1vn\u011bn\u00e9 reklamace m\u00e1 kupuj\u00edc\u00ed pr\u00e1vo na<br \/>n\u00e1hradu n\u00e1klad\u016f spojen\u00fdch s reklamac\u00ed (zejm\u00e9na po\u0161tovn\u00e9ho, kter\u00e9 uhradil p\u0159i<br \/>odesl\u00e1n\u00ed reklamovan\u00e9ho zbo\u017e\u00ed). V p\u0159\u00edpad\u011b odstoupen\u00ed od smlouvy z d\u016fvodu vady<br \/>v\u011bci m\u00e1 spot\u0159ebitel tak\u00e9 pr\u00e1vo na \u00fahradu n\u00e1klad\u016f k tomuto odstoupen\u00ed. V p\u0159\u00edpad\u011b<br \/>neopr\u00e1vn\u011bn\u00e9 reklamace bude zbo\u017e\u00ed zasl\u00e1no z\u00e1kazn\u00edkovi zp\u011bt na jeho n\u00e1klady.<br \/>N\u00e1klady spojen\u00e9 s p\u0159epravou zbo\u017e\u00ed k z\u00e1kazn\u00edkovi po vy\u0159\u00edzen\u00ed opr\u00e1vn\u011bn\u00e9 reklamace<br \/>jsou hrazeny prod\u00e1vaj\u00edc\u00edm.<\/p>\n\n\n<p>Jestli\u017ee v r\u00e1mci z\u00e1ruky dojde k v\u00fdm\u011bn\u011b zbo\u017e\u00ed, z\u00e1ru\u010dn\u00ed<br \/>doba za\u010d\u00edn\u00e1 b\u011b\u017eet znovu od p\u0159evzet\u00ed nov\u00e9ho v\u00fdrobku. Po vy\u0159\u00edzen\u00ed opr\u00e1vn\u011bn\u00e9<br \/>reklamace se z\u00e1ru\u010dn\u00ed doba prodlu\u017euje o dobu trv\u00e1n\u00ed reklama\u010dn\u00edho \u0159\u00edzen\u00ed (tato<br \/>lh\u016fta za\u010d\u00edn\u00e1 b\u011b\u017eet dnem n\u00e1sleduj\u00edc\u00edm po p\u0159ijet\u00ed zbo\u017e\u00ed a kon\u010d\u00ed dnem vy\u0159\u00edzen\u00ed<br \/>reklamace \u2013 nikoli tedy term\u00ednem vyzvednut\u00ed zbo\u017e\u00ed z\u00e1kazn\u00edkem).<\/p>\n\n\n<div class=\"wp-block-group\">\n<div class=\"wp-block-group__inner-container\">\n<div class=\"wp-block-group\">\n<div class=\"wp-block-group__inner-container\">\n<p><strong>Adresa na vr\u00e1cen\u00ed\u00a0a reklamace zbo\u017e\u00ed<\/strong><strong>:<\/strong><\/p>\n<p><\/div>\n<\/div>\n\n\n<ul>\n<li>O zasl\u00e1n\u00ed bal\u00edku n\u00e1s, pros\u00edm, informuj.<\/li>\n<\/ul>\n<p><strong>Fury s. r. o<\/strong>.<br \/><strong>Novoz\u00e1mock\u00e1 104 <\/strong><br \/><strong>949 05 Nitra,<\/strong><br \/><strong>Slovensk\u00e1 republika<\/strong><\/p>\n\n<\/div>\n<\/div>\n<p>[\/vc_column_text][\/vc_column][\/vc_row]<\/p>\n","protected":false},"excerpt":{"rendered":"<p>[vc_row][vc_column][vc_column_text] Z\u00e1ruka na zbo\u017e\u00ed, prod\u00e1van\u00e9 prost\u0159ednictv\u00edm e-shopu, se \u0159\u00edd\u00ed a je v souladus platnou legislativou. Je-li kupuj\u00edc\u00edm spot\u0159ebitel a nen\u00ed-li v z\u00e1ru\u010dn\u00edm listu uvedena lh\u016fta del\u0161\u00ed,\u010din\u00ed z\u00e1ru\u010dn\u00ed doba 24 m\u011bs\u00edc\u016f od p\u0159evzet\u00ed zbo\u017e\u00ed. Je-li na prod\u00e1van\u00e9 v\u011bci, jej\u00edm obalu nebo n\u00e1vodu k n\u00ed p\u0159ipojen\u00e9m vyzna\u010denav souladu se zvl\u00e1\u0161tn\u00edmi pr\u00e1vn\u00edmi p\u0159edpisy lh\u016fta k pou\u017eit\u00ed v\u011bci, skon\u010d\u00ed [&hellip;]<\/p>\n","protected":false},"author":9,"featured_media":0,"parent":0,"menu_order":0,"comment_status":"closed","ping_status":"closed","template":"","meta":[],"_links":{"self":[{"href":"https:\/\/sinium.cz\/sk\/wp-json\/wp\/v2\/pages\/5972"}],"collection":[{"href":"https:\/\/sinium.cz\/sk\/wp-json\/wp\/v2\/pages"}],"about":[{"href":"https:\/\/sinium.cz\/sk\/wp-json\/wp\/v2\/types\/page"}],"author":[{"embeddable":true,"href":"https:\/\/sinium.cz\/sk\/wp-json\/wp\/v2\/users\/9"}],"replies":[{"embeddable":true,"href":"https:\/\/sinium.cz\/sk\/wp-json\/wp\/v2\/comments?post=5972"}],"version-history":[{"count":3,"href":"https:\/\/sinium.cz\/sk\/wp-json\/wp\/v2\/pages\/5972\/revisions"}],"predecessor-version":[{"id":12235,"href":"https:\/\/sinium.cz\/sk\/wp-json\/wp\/v2\/pages\/5972\/revisions\/12235"}],"wp:attachment":[{"href":"https:\/\/sinium.cz\/sk\/wp-json\/wp\/v2\/media?parent=5972"}],"curies":[{"name":"wp","href":"https:\/\/api.w.org\/{rel}","templated":true}]}}