{"id":5969,"date":"2020-06-13T18:34:17","date_gmt":"2020-06-13T16:34:17","guid":{"rendered":"https:\/\/sinium.cz\/ochrana-a-spracovanie-osobnych-udajov\/"},"modified":"2022-11-13T02:20:33","modified_gmt":"2022-11-13T01:20:33","slug":"ochrana-a-spracovanie-osobnych-udajov","status":"publish","type":"page","link":"https:\/\/sinium.cz\/sk\/ochrana-a-spracovanie-osobnych-udajov\/","title":{"rendered":"Ochrana a spracovanie osobn\u00fdch \u00fadajov (GDPR)"},"content":{"rendered":"<p>[vc_row][vc_column][vc_column_text]<\/p>\n<h4>I. Z\u00e1kladn\u00ed ustanoven\u00ed<\/h4>\n<p>1. Spra\u0301vcem osobn\u00edch u\u0301daju\u030a podle c\u030cl. 4 bod 7 nar\u030c\u00edzen\u00ed Evropske\u0301ho parlamentu a Rady (EU) 2016\/679 o ochrane\u030c fyzicky\u0301ch osob v souvislosti se zpracova\u0301n\u00edm osobn\u00edch u\u0301daju\u030a a o volne\u0301m pohybu te\u030cchto u\u0301daju\u030a (da\u0301le jen: \u201eGDPR\u201d) je Fury s. r. o. Novoz\u00e1mock\u00e1 104 949 05 Nitra, Slovensk\u00e1 republika, I\u010cO: 52472027, DI\u010c: 2121034619, I\u010c DPH: SK2121034619, registr\u00e1cia od 1.8.2019 (da\u0301le jen: \u201espr\u00e1vce\u201c).<\/p>\n<p>2. Kontaktn\u00ed u\u0301daje spra\u0301vce jsou<\/p>\n<p>Email: obchod@sinium.cz<\/p>\n<p>3. Osobn\u00edmi u\u0301daji se rozum\u00ed ves\u030ckere\u0301 informace o identifikovane\u0301 nebo identifikovatelne\u0301 fyzicke\u0301 osobe\u030c; identifikovatelnou fyzickou osobou je fyzicka\u0301 osoba, kterou lze pr\u030c\u00edmo c\u030ci nepr\u030c\u00edmo identifikovat, zejme\u0301na odkazem na urc\u030city\u0301 identifika\u0301tor, napr\u030c\u00edklad jme\u0301no, identifikac\u030cn\u00ed c\u030c\u00edslo, lokac\u030cn\u00ed u\u0301daje, s\u00ed\u0165ovy\u0301 identifika\u0301tor nebo na jeden c\u030ci v\u00edce zvla\u0301s\u030ctn\u00edch prvku\u030a fyzicke\u0301, fyziologicke\u0301 , geneticke\u0301, psychicke\u0301, ekonomicke\u0301, kulturn\u00ed nebo spolec\u030censke\u0301 identity te\u0301to fyzicke\u0301 osoby.<\/p>\n<p>4. Spra\u0301vce nejmenoval pove\u030cr\u030cence pro ochranu osobn\u00edch u\u0301daju\u030a .<\/p>\n<h4>II. Zdroje a kategorie zpracov\u00e1van\u00fdch osobn\u00edch \u00fadaj\u016f<\/h4>\n<p>1. Spra\u0301vce zpracova\u0301va\u0301 osobn\u00ed u\u0301daje, ktere\u0301 jste mu poskytl\/a nebo osobn\u00ed u\u0301daje, ktere\u0301 spra\u0301 vce z\u00edskal na za\u0301 klade\u030c plne\u030cn\u00ed Vas\u030c\u00ed objedna\u0301vky.<\/p>\n<p>2. Spra\u0301vce zpracova\u0301va\u0301 Vas\u030ce identifikac\u030cn\u00ed a kontaktn\u00ed u\u0301daje a u\u0301daje nezbytne\u0301 proplne\u030cn\u00ed smlouvy.<\/p>\n<h4>III. Z\u00e1konn\u00fd d\u016fvod a \u00fa\u010del zpracov\u00e1n\u00ed osobn\u00edch \u00fadaj\u016f<\/h4>\n<p>1. Za\u0301konny\u0301m du\u030avodem zpracova\u0301n\u00ed osobn\u00edch u\u0301daju\u030a je<\/p>\n<p>\u2022 plne\u030cn\u00ed smlouvy mezi Va\u0301mi a spra\u0301vcem podle c\u030cl. 6 odst. 1 p\u00edsm. b) GDPR,<\/p>\n<p>\u2022 opra\u0301vne\u030cny\u0301 za\u0301jem spra\u0301vce na poskytova\u0301n\u00ed pr\u030c\u00edme\u0301 ho marketingu (zejme\u0301na pro zas\u00edla\u0301n\u00ed obchodn\u00edch sde\u030clen\u00ed a newsletteru\u030a ) podle c\u030cl. 6 odst. 1 p\u00edsm. f ) GDPR,<\/p>\n<p>\u2022 Va\u0301s\u030c souhlas se zpracov\u00e1n\u00edm pro u\u0301c\u030cely poskytova\u0301n\u00ed pr\u030c\u00edme\u0301ho marketingu (zejme\u0301 na pro zas\u00edla\u0301n\u00ed obchodn\u00edch sde\u030clen\u00ed a newsletteru\u030a ) podle c\u030cl. 6 odst. 1 p\u00edsm. a) GDPR ve spojen\u00ed s \u00a7 7 odst. 2 za\u0301kona c\u030c. 480\/2004 Sb., o ne\u030cktery\u0301ch sluz\u030cba\u0301ch informac\u030cn\u00ed spolec\u030cnosti v pr\u030c\u00edpade\u030c , z\u030ce nedos\u030clo k objedna\u0301vce zboz\u030c\u00ednebo sluz\u030cby.<\/p>\n<p>2. \u00dac\u030celem zpracova\u0301n\u00ed osobn\u00edch u\u0301daju\u030a je<\/p>\n<p>\u2022 vyr\u030c\u00edzen\u00ed Vas\u030c\u00ed objedna\u0301vky a vy\u0301kon pra\u0301v a povinnost\u00ed vyply\u0301vaj\u00edc\u00edch ze smluvn\u00edho vztahu mezi Va\u0301mi a spra\u0301vcem; pr\u030ci objedna\u0301vce jsou vyz\u030cadova\u0301ny osobn\u00ed u\u0301daje, ktere\u0301 jsou nutne\u0301 pro u\u0301spe\u030cs\u030cne\u0301 vyr\u030c\u00edzen\u00ed objedna\u0301vky (jme\u0301no a adresa, kontakt), poskytnut\u00ed osobn\u00edch u\u0301daju\u030a je nutny\u0301m poz\u030cadavkem pro uzavr\u030cen\u00ed a plne\u030cn\u00ed smlouvy, bez poskytnut\u00ed osobn\u00edch u\u0301daju\u030a nen\u00ed moz\u030cne\u0301 smlouvu uzavr\u030c\u00edt c\u030ci j\u00ed ze strany spra\u0301vce plnit,<\/p>\n<p>\u2022 zas\u00edla\u0301n\u00ed obchodn\u00edch sde\u030clen\u00ed a c\u030cine\u030cn\u00ed dals\u030c\u00edch marketingovy\u0301ch aktivit.<\/p>\n<p>3. Ze strany spra\u0301vce nedocha\u0301z\u00ed \/ docha\u0301z\u00ed k automaticke\u0301mu individua\u0301ln\u00edmu rozhodova\u0301n\u00ed ve smyslu c\u030cl. 22 GDPR. S takovy\u0301m zpracova\u0301n\u00edm jste poskytl\/a svu\u030aj vy\u0301slovny\u0301 souhlas.<\/p>\n<h4>IV. Zdroje a kategorie zpracov\u00e1van\u00fdch osobn\u00edch \u00fadaj\u016f<\/h4>\n<p>1. Spra\u0301vce zpracova\u0301va\u0301 osobn\u00ed u\u0301daje, ktere\u0301 jste mu poskytl\/a nebo osobn\u00ed u\u0301daje, ktere\u0301 spra\u0301 vce z\u00edskal na za\u0301 klade\u030c plne\u030cn\u00ed Vas\u030c\u00ed objedna\u0301vky.<\/p>\n<p>2. Spra\u0301vce zpracova\u0301va\u0301 Vas\u030ce identifikac\u030cn\u00ed a kontaktn\u00ed u\u0301daje a u\u0301daje nezbytne\u0301 proplne\u030cn\u00ed smlouvy.<\/p>\n<h4>V. Doba uchov\u00e1v\u00e1n\u00ed \u00fadaj\u016f<\/h4>\n<p>1. Spra\u0301vce uchova\u0301va\u0301 osobn\u00ed u\u0301daje<\/p>\n<p>\u2022 po dobu nezbytnou k vy\u0301konu pra\u0301v a povinnost\u00ed vyply\u0301vaj\u00edc\u00edch ze smluvn\u00edho vztahu mezi Va\u0301mi a spra\u0301vcem a uplatn\u030cova\u0301n\u00ed na\u0301roku\u030a z te\u030cchto smluvn\u00ed ch vztahu\u030a (po dobu 15 let od ukonc\u030cen\u00ed smluvn\u00edho vztahu).<\/p>\n<p>\u2022 po dobu, nez\u030c je odvola\u0301n souhlas se zpracova\u0301 n\u00ed m osobn\u00edch u\u0301daju\u030a pro u\u0301c\u030cely marketingu, nejde\u0301le \u2026. let, jsou-li osobn\u00ed u\u0301daje zpracova\u0301va\u0301ny na za\u0301klade\u030c souhlasu.<\/p>\n<p>2. Po uplynut\u00ed doby uchova\u0301va\u0301n\u00ed osobn\u00edch u\u0301daju\u030a spra\u0301vce osobn\u00ed u\u0301daje vymaz\u030ce.<\/p>\n<h4>VI. P\u0159\u00edjemci osobn\u00edch \u00fadaj\u016f (subdodavatel\u00e9 spr\u00e1vce)<\/h4>\n<p>1. Pr\u030c\u00edjemci osobn\u00edch \u00fadaju\u030a jsou osoby<\/p>\n<p>\u2022 pod\u00edlej\u00edc\u00ed se na doda\u0301n\u00ed zboz\u030c\u00ed \/ sluz\u030ceb \/ realizaci plateb na za\u0301 klade\u030c smlouvy,<\/p>\n<p>\u2022 zajis\u030c\u0165uj\u00edc\u00ed sluz\u030cby provozova\u0301n\u00ed e-shopu (Woocommerce) a dals\u030c\u00ed sluz\u030cby v souvislosti s provozova\u0301n\u00edm e-shopu,<\/p>\n<p>\u2022 zajis\u030c\u0165uj\u00edc\u00ed marketingove\u0301 sluz\u030cby.<\/p>\n<p>2. Spra\u0301vce nema\u0301 v u\u0301myslu pr\u030cedat osobn\u00ed u\u0301daje do tr\u030cet\u00ed zeme\u030c (do zeme\u030c mimo EU) nebo mezina\u0301rodn\u00ed organizaci. Pr\u030c\u00edjemci osobn\u00edch u\u0301daju\u030a ve tr\u030cet\u00edch zem\u00edch jsou poskytovatele\u0301 mailingovy\u0301ch sluz\u030ceb \/ cloudovy\u0301ch sluz\u030ceb.<\/p>\n<h4>VII. Podm\u00ednky zabezpe\u010den\u00ed osobn\u00edch \u00fadaj\u016f<\/h4>\n<p>1. Spra\u0301vce prohlas\u030cuje, z\u030ce pr\u030cijal ves\u030ckera\u0301 vhodna\u0301 technicka\u0301 a organizac\u030cn\u00ed opatr\u030cen\u00ed k zabezpec\u030cen\u00ed osobn\u00edch u\u0301daju\u030a .<\/p>\n<p>2. Spra\u0301vce pr\u030cijal technicka\u0301 opatr\u030cen\u00ed k zabezpec\u030cen\u00ed datovy\u0301ch u\u0301loz\u030cis\u030c\u0165 a u\u0301loz\u030cis\u030c\u0165 osobn\u00edch u\u0301daju\u030a v listinne\u0301 podobe\u030c.<\/p>\n<p>3. Spra\u0301vce prohlas\u030cuje, z\u030ce k osobn\u00edm u\u0301daju\u030am maj\u00ed pr\u030c\u00edstup pouze j\u00edm pove\u030cr\u030cene\u0301 osoby.<\/p>\n<h4>VIII. Va\u0161e pr\u00e1va<\/h4>\n<p>1. Za podm\u00ednek stanoveny\u0301ch v GDPR ma\u0301te<\/p>\n<p>\u2022 pra\u0301vo na pr\u030c\u00edstup ke svy\u0301m osobn\u00edm u\u0301daju\u030am dle c\u030cl. 15 GDPR,<\/p>\n<p>\u2022 pra\u0301vo opravu osobn\u00edch u\u0301daju\u030a dle c\u030cl. 16 GDPR, popr\u030c\u00edpade\u030c omezen\u00ed zpracova\u0301n\u00ed dle c\u030cl. 18 GDPR.<\/p>\n<p>\u2022 pra\u0301vo na vy\u0301maz osobn\u00edch u\u0301daju\u030a dle c\u030cl. 17 GDPR.<\/p>\n<p>\u2022 pra\u0301vo vzne\u0301st na\u0301mitku proti zpracova\u0301n\u00ed dle c\u030cl. 21 GDPR a<\/p>\n<p>\u2022 pra\u0301vo na pr\u030cenositelnost u\u0301daju\u030a dle c\u030cl. 20 GDPR.<\/p>\n<p>\u2022 pra\u0301vo odvolat souhlas se zpracova\u0301n\u00edm p\u00edsemne\u030c nebo elektronicky na adresu nebo email spra\u0301vce uvedeny\u0301 v c\u030cl. I te\u030cchto podm\u00ednek.<\/p>\n<p>2. Da\u0301le ma\u0301te pra\u0301vo podat st\u00edz\u030cnost \u00dar\u030cadu pro ochranu osobn\u00edch u\u0301daju\u030a v pr\u030c\u00edpade\u030c, z\u030ce se domn\u00edva\u0301te, z\u030ce bylo porus\u030ceno Vas\u030c\u00ed pra\u0301vo na ochranu osobn\u00edch u\u0301daju\u030a.<\/p>\n<h4>IX. Podm\u00ednky zabezpe\u010den\u00ed osobn\u00edch \u00fadaj\u016f<\/h4>\n<p>1. Spra\u0301vce prohlas\u030cuje, z\u030ce pr\u030cijal ves\u030ckera\u0301 vhodna\u0301 technicka\u0301 a organizac\u030cn\u00ed opatr\u030cen\u00ed k zabezpec\u030cen\u00ed osobn\u00edch u\u0301daju\u030a.<\/p>\n<p>2. Spra\u0301vce pr\u030cijal technicka\u0301 opatr\u030cen\u00ed k zabezpec\u030cen\u00ed datovy\u0301ch u\u0301loz\u030cis\u030c\u0165 a u\u0301loz\u030cis\u030c\u0165 osobn\u00edch u\u0301daju\u030a v listinne\u0301 podobe\u030c.<\/p>\n<p>3. Spra\u0301vce prohlas\u030cuje, z\u030ce k osobn\u00edm u\u0301daju\u030am maj\u00ed pr\u030c\u00edstup pouze j\u00edm pove\u030cr\u030cene\u0301 osoby.<\/p>\n<h4>X. Z\u00e1v\u011bre\u010dn\u00e1 ustanoven\u00ed<\/h4>\n<p>1. Odesla\u0301 n\u00edm objedna\u0301vky z internetove\u0301ho objedna\u0301vkove\u0301 ho formula\u0301r\u030ce potvrzujete, z\u030ce jste sezna\u0301men\/a s podm\u00ednkami ochrany osobn\u00edch u\u0301daju\u030a a z\u030ce je v cele\u0301m rozsahu pr\u030cij\u00edma\u0301te.<\/p>\n<p>2. S te\u030cmito podm\u00ednkami souhlas\u00edte zas\u030ckrtnut\u00edm souhlasu prostr\u030cednictv\u00edm internetove\u0301ho formula\u0301r\u030ce. Zas\u030ckrtnut\u00edm souhlasu potvrzujete, z\u030ce jste sezna\u0301men\/a s podm\u00ednkami ochrany osobn\u00edch u\u0301daju\u030a a z\u030ce je v cele\u0301m rozsahu pr\u030cij\u00edma\u0301te.<\/p>\n<p>3. Spr\u00e1vce je opr\u00e1vne\u030cn tyto podm\u00ednky zme\u030cnit. Novou verzi podm\u00ednek ochrany osobn\u00edch u\u0301daju\u030a zver\u030cejn\u00ed na svy\u0301ch internetovy\u0301ch stra\u0301nka\u0301ch a za\u0301roven\u030c Va\u0301m zas\u030cle novou verzi te\u030cchto podm\u00ednek Vas\u030ci e-mailovou adresu, kterou jste spra\u0301vci poskytl\/a.<\/p>\n<p><strong>Tyto podm\u00ednky naby\u0301vaj\u00ed u\u0301c\u030cinnosti dnem 11.11.2019.<\/strong>[\/vc_column_text][\/vc_column][\/vc_row]<\/p>\n","protected":false},"excerpt":{"rendered":"<p>[vc_row][vc_column][vc_column_text] I. Z\u00e1kladn\u00ed ustanoven\u00ed 1. Spra\u0301vcem osobn\u00edch u\u0301daju\u030a podle c\u030cl. 4 bod 7 nar\u030c\u00edzen\u00ed Evropske\u0301ho parlamentu a Rady (EU) 2016\/679 o ochrane\u030c fyzicky\u0301ch osob v souvislosti se zpracova\u0301n\u00edm osobn\u00edch u\u0301daju\u030a a o volne\u0301m pohybu te\u030cchto u\u0301daju\u030a (da\u0301le jen: \u201eGDPR\u201d) je Fury s. r. o. Novoz\u00e1mock\u00e1 104 949 05 Nitra, Slovensk\u00e1 republika, I\u010cO: 52472027, DI\u010c: 2121034619, [&hellip;]<\/p>\n","protected":false},"author":9,"featured_media":0,"parent":0,"menu_order":0,"comment_status":"closed","ping_status":"closed","template":"","meta":[],"_links":{"self":[{"href":"https:\/\/sinium.cz\/sk\/wp-json\/wp\/v2\/pages\/5969"}],"collection":[{"href":"https:\/\/sinium.cz\/sk\/wp-json\/wp\/v2\/pages"}],"about":[{"href":"https:\/\/sinium.cz\/sk\/wp-json\/wp\/v2\/types\/page"}],"author":[{"embeddable":true,"href":"https:\/\/sinium.cz\/sk\/wp-json\/wp\/v2\/users\/9"}],"replies":[{"embeddable":true,"href":"https:\/\/sinium.cz\/sk\/wp-json\/wp\/v2\/comments?post=5969"}],"version-history":[{"count":3,"href":"https:\/\/sinium.cz\/sk\/wp-json\/wp\/v2\/pages\/5969\/revisions"}],"predecessor-version":[{"id":12237,"href":"https:\/\/sinium.cz\/sk\/wp-json\/wp\/v2\/pages\/5969\/revisions\/12237"}],"wp:attachment":[{"href":"https:\/\/sinium.cz\/sk\/wp-json\/wp\/v2\/media?parent=5969"}],"curies":[{"name":"wp","href":"https:\/\/api.w.org\/{rel}","templated":true}]}}