{"id":4524,"date":"2020-03-22T18:57:48","date_gmt":"2020-03-22T17:57:48","guid":{"rendered":"https:\/\/sinium.cz\/casto-kladene-otazky\/"},"modified":"2021-04-21T22:44:29","modified_gmt":"2021-04-21T20:44:29","slug":"casto-kladene-otazky","status":"publish","type":"page","link":"https:\/\/sinium.cz\/sk\/casto-kladene-otazky\/","title":{"rendered":"\u010casto kladen\u00e9 ot\u00e1zky"},"content":{"rendered":"<p>[vc_row type=&#8221;boxed&#8221; background_style=&#8221;normal&#8221; css=&#8221;.vc_custom_1584785945072{margin-top: 75px !important;padding-right: 50px !important;padding-left: 50px !important;background-position: center !important;background-repeat: no-repeat !important;background-size: contain !important;}&#8221;][vc_column][vc_toggle title=&#8221;\u010co je CBD?&#8221; style=&#8221;simple&#8221; color=&#8221;black&#8221; css_animation=&#8221;none&#8221;]CBD (cannabidol) je prirodzene sa vyskytuj\u00facou zlo\u017ekou rastliny konope. Je to l\u00e1tka, ktor\u00e1 pon\u00faka cel\u00fd rad vyu\u017eit\u00ed pre cel\u00e9 telo. CBD narozdiel od THC nevyvol\u00e1va a nesp\u00f4sobuje \u017eiadne psychoakt\u00edvne \u00fa\u010dinky.[\/vc_toggle][vc_toggle title=&#8221;Ako aplikova\u0165 CBD&#8221; style=&#8221;simple&#8221; color=&#8221;black&#8221; css_animation=&#8221;none&#8221;]CBD sa naj\u010dastej\u0161ie u\u017e\u00edva peror\u00e1lne v koncentrovanej paste alebo kvapk\u00e1ch (tinkt\u00fara). Ak chcete z\u00edska\u0165 \u010do najsk\u00f4r \u00fa\u010dinok CBD, odpor\u00fa\u010da sa necha\u0165 olej p\u00f4sobi\u0165 pod jazykom so slinami a a\u017e n\u00e1sledne prehltn\u00fa\u0165. Sliny ur\u00fdchli proces tr\u00e1venia CBD cez sliznicu \u017eal\u00fadka. \u010eal\u0161ie peror\u00e1lna sp\u00f4soby u\u017e\u00edvania zah\u0155\u0148aj\u00fa kapsule, spreje a po\u017e\u00edvatiny, ako s\u00fa \u010dokol\u00e1dov\u00e9 ty\u010dinky. Niektor\u00ed naopak aplikuj\u00fa CBD olej cez ko\u017eu, pomocou ple\u0165ov\u00fdch v\u00f4d, balzamov, kr\u00e9mov alebo n\u00e1plasti. Existuje mnoho sp\u00f4sobov, ako u\u017e\u00edva\u0165 CBD. Z\u00e1le\u017e\u00ed len na tom ktor\u00fd v\u00e1m vyhovuje a ktor\u00fd v\u00e1m funguje najlep\u0161ie, ka\u017ed\u00fd z n\u00e1s je in\u00fd.[\/vc_toggle][vc_toggle title=&#8221;Ako doporu\u010dujeme d\u00e1vkova\u0165 CBD&#8221; style=&#8221;simple&#8221; color=&#8221;black&#8221; css_animation=&#8221;none&#8221;]Faktom zost\u00e1va, \u017ee ka\u017ed\u00fd z n\u00e1s je in\u00fd a bude inak reagova\u0165 na CBD d\u00e1vkovanie. Ako sa \u013eudia l\u00ed\u0161ia ve\u013ekos\u0165ou porcie jedla alebo ako sa rozli\u0161uje d\u00e1vkovanie liekov, ako aj ka\u017ed\u00fd \u010dlovek inak reaguje na d\u00e1vkovanie CBD. V\u0161eobecne plat\u00ed pravidlo, \u017ee d\u00e1vky sa za\u010d\u00ednaj\u00fa v malom a postupne sa zvy\u0161uje d\u00e1vkovanie, vznik\u00e1 tak tolerancia organizmu na kanabinoidy. Plat\u00ed to najm\u00e4 pre \u013eud\u00ed, ktor\u00ed neu\u017e\u00edvaj\u00fa konope resp. nemaj\u00fa vytvoren\u00fa toleranciu na kanabinoidy. D\u00e1vky sa zvy\u0161uj\u00fa postupne a\u017e do dosiahnutia po\u017eadovan\u00e9ho v\u00fdsledku.<\/p>\n<p>Denn\u00e1 norma u\u017e\u00edvanie CBD je 25 mg \/ 2x denne<\/p>\n<p>Odpor\u00fa\u010da sa d\u00e1vku zvy\u0161ova\u0165 po t\u00fd\u017ed\u0148och po 25mg do po\u017eadovan\u00e9ho mnozstvo.<\/p>\n<p>Koncentr\u00e1cia CBD z\u00e1vis\u00ed od v\u00fdrobcu. V z\u00e1vislosti na% koncentr\u00e1cie oleja ako aj obsahu kanabinoidov v mg stanovujeme u\u017e\u00edvan\u00ed.<\/p>\n<p>Spotrebite\u013e by si mal pre\u010d\u00edta\u0165 \u010do najviac inform\u00e1ci\u00ed a v pr\u00edpade ak su nejasne mo\u017enosti a sp\u00f4sob a spr\u00e1vna d\u00e1vky u\u017e\u00edvan\u00e9 nev\u00e1hajte n\u00e1s kontaktova\u0165 tak, aby sa zabezpe\u010dilo, \u017ee u\u017e\u00edvanie bude v spr\u00e1vnom mno\u017estve a koncentr\u00e1ciou pre u\u017e\u00edvate\u013eov.[\/vc_toggle][vc_toggle title=&#8221;Ako m\u00e1m skladova\u0165 va\u0161e produkty?&#8221; style=&#8221;simple&#8221; color=&#8221;black&#8221; css_animation=&#8221;none&#8221;]Ak chcete dosiahnu\u0165 najlep\u0161iu trvanlivos\u0165 produktu, skladujte ho v chladnej a tmavej miestnosti mimo priameho slne\u010dn\u00e9ho svetla a pri n\u00edzkej vlhkosti.[\/vc_toggle][vc_toggle title=&#8221;Ako dlho trv\u00e1 vybavenie objedn\u00e1vky:&#8221; style=&#8221;simple&#8221; color=&#8221;black&#8221; css_animation=&#8221;none&#8221;]Objedn\u00e1vky vybavujeme \u010do najsk\u00f4r je to mo\u017en\u00e9, spravidla to zaberie 24-48 hod\u00edn.[\/vc_toggle][vc_toggle title=&#8221;Ak\u00fdm sp\u00f4sobom m\u00f4\u017eem zaplati\u0165 moju objedn\u00e1vku?&#8221; style=&#8221;simple&#8221; color=&#8221;black&#8221; css_animation=&#8221;none&#8221;]Aktu\u00e1lne prij\u00edmame platby vkladom na n\u00e1\u0161 bankov\u00fd \u00fa\u010det, alebo priamou platbou u kuri\u00e9ra. \u010coskoro tie\u017e prid\u00e1me mo\u017enos\u0165 platby kartou.[\/vc_toggle][vc_empty_space height=&#8221;30px&#8221;][vc_column_text]<\/p>\n<h4>Nena\u0161li ste, \u010do ste h\u013eadali? Nap\u00ed\u0161te n\u00e1m na obchod@sinium.cz a spolu to vyrie\u0161ime.<\/h4>\n<p>[\/vc_column_text][\/vc_column][\/vc_row]<\/p>\n","protected":false},"excerpt":{"rendered":"<p>[vc_row type=&#8221;boxed&#8221; background_style=&#8221;normal&#8221; css=&#8221;.vc_custom_1584785945072{margin-top: 75px !important;padding-right: 50px !important;padding-left: 50px !important;background-position: center !important;background-repeat: no-repeat !important;background-size: contain !important;}&#8221;][vc_column][vc_toggle title=&#8221;\u010co je CBD?&#8221; style=&#8221;simple&#8221; color=&#8221;black&#8221; css_animation=&#8221;none&#8221;]CBD (cannabidol) je prirodzene sa vyskytuj\u00facou zlo\u017ekou rastliny konope. Je to l\u00e1tka, ktor\u00e1 pon\u00faka cel\u00fd rad vyu\u017eit\u00ed pre cel\u00e9 telo. CBD narozdiel od THC nevyvol\u00e1va a nesp\u00f4sobuje \u017eiadne psychoakt\u00edvne \u00fa\u010dinky.[\/vc_toggle][vc_toggle title=&#8221;Ako aplikova\u0165 CBD&#8221; style=&#8221;simple&#8221; [&hellip;]<\/p>\n","protected":false},"author":9,"featured_media":0,"parent":0,"menu_order":0,"comment_status":"closed","ping_status":"closed","template":"page-boxed.php","meta":[],"_links":{"self":[{"href":"https:\/\/sinium.cz\/sk\/wp-json\/wp\/v2\/pages\/4524"}],"collection":[{"href":"https:\/\/sinium.cz\/sk\/wp-json\/wp\/v2\/pages"}],"about":[{"href":"https:\/\/sinium.cz\/sk\/wp-json\/wp\/v2\/types\/page"}],"author":[{"embeddable":true,"href":"https:\/\/sinium.cz\/sk\/wp-json\/wp\/v2\/users\/9"}],"replies":[{"embeddable":true,"href":"https:\/\/sinium.cz\/sk\/wp-json\/wp\/v2\/comments?post=4524"}],"version-history":[{"count":5,"href":"https:\/\/sinium.cz\/sk\/wp-json\/wp\/v2\/pages\/4524\/revisions"}],"predecessor-version":[{"id":10610,"href":"https:\/\/sinium.cz\/sk\/wp-json\/wp\/v2\/pages\/4524\/revisions\/10610"}],"wp:attachment":[{"href":"https:\/\/sinium.cz\/sk\/wp-json\/wp\/v2\/media?parent=4524"}],"curies":[{"name":"wp","href":"https:\/\/api.w.org\/{rel}","templated":true}]}}