{"id":4485,"date":"2020-03-21T19:14:32","date_gmt":"2020-03-21T18:14:32","guid":{"rendered":"https:\/\/sinium.cz\/o-nas\/"},"modified":"2020-06-13T22:42:42","modified_gmt":"2020-06-13T20:42:42","slug":"o-nas","status":"publish","type":"page","link":"https:\/\/sinium.cz\/sk\/o-nas\/","title":{"rendered":"O n\u00e1s"},"content":{"rendered":"<p>[vc_row full_height=&#8221;yes&#8221; columns_placement=&#8221;stretch&#8221; equal_height=&#8221;yes&#8221; content_placement=&#8221;middle&#8221; columns_height=&#8221;adjust_cols_height&#8221; font_color=&#8221;#ffffff&#8221; background_style=&#8221;normal&#8221; css=&#8221;.vc_custom_1590626409569{background-color: #03293d !important;}&#8221;][vc_column css=&#8221;.vc_custom_1592080742350{background-position: center !important;background-repeat: no-repeat !important;background-size: cover !important;}&#8221; offset=&#8221;vc_col-lg-6 vc_col-md-6&#8243;][vc_single_image image=&#8221;4467&#8243; img_size=&#8221;full&#8221; alignment=&#8221;center&#8221;][\/vc_column][vc_column css=&#8221;.vc_custom_1485446031871{margin-bottom: 0px !important;padding-top: 170px !important;padding-right: 15% !important;padding-bottom: 140px !important;padding-left: 15% !important;}&#8221; offset=&#8221;vc_col-lg-6 vc_col-md-6&#8243;][vc_column_text]<\/p>\n<h1 class=\"page-title on-shop\"><span style=\"color: #ffffff;\">Sinium.cz<\/span><\/h1>\n<p>[\/vc_column_text][vc_column_text]<\/p>\n<p style=\"text-align: center;\"><span style=\"color: #ffffff;\"><span class=\"char\" title=\"Em Dash\" data-decimal=\"8212\" data-entity=\"&amp;#8212;\" data-id=\"46410\">\u2014<\/span> Celebrita vo svete CBD.<\/span><\/p>\n<p>[\/vc_column_text][vc_row_inner][vc_column_inner][vc_column_text]<span style=\"color: #ffffff;\">Spolo\u010dnos\u0165 Sinium sa \u0161pecializuje na v\u00fdrobu produktov s t\u00fdm najlep\u0161\u00edm CBD. Snna\u017e\u00edme sa aby na\u0161a zna\u010dka a spolo\u010dnos\u0165 bola prvotriedna a aby ste jej verili a mohli sa op\u00e4\u0165 vr\u00e1ti\u0165. Neust\u00e1le pracujeme na vylep\u0161ovan\u00ed na\u0161ich produktov a inovaci\u00ed nov\u00fdch. Neu\u017e\u00edvaj len CBD u\u017e\u00edvaj Sinium.<\/span>[\/vc_column_text][\/vc_column_inner][\/vc_row_inner][vc_row_inner][vc_column_inner][vc_custom_heading text=&#8221;Sinium&#8221; font_container=&#8221;tag:h3|text_align:left|color:%23ffffff&#8221; google_fonts=&#8221;font_family:Nothing%20You%20Could%20Do%3Aregular|font_style:400%20regular%3A400%3Anormal&#8221; css=&#8221;.vc_custom_1584794942496{margin-bottom: 0px !important;padding-bottom: 10px !important;}&#8221;][\/vc_column_inner][\/vc_row_inner][vc_row_inner css=&#8221;.vc_custom_1443414738032{padding-top: 5px !important;}&#8221;][vc_column_inner width=&#8221;1\/2&#8243;][vc_column_text]<\/p>\n<h6 style=\"text-align: left;\"><span style=\"color: #ffffff;\"><strong>Kontakt<\/strong><\/span><\/h6>\n<p style=\"text-align: left;\"><span style=\"color: #ffffff;\">obchod@sinium.cz<\/span><\/p>\n<p>[\/vc_column_text][\/vc_column_inner][vc_column_inner width=&#8221;1\/2&#8243;][\/vc_column_inner][\/vc_row_inner][\/vc_column][\/vc_row]<\/p>\n","protected":false},"excerpt":{"rendered":"<p>[vc_row full_height=&#8221;yes&#8221; columns_placement=&#8221;stretch&#8221; equal_height=&#8221;yes&#8221; content_placement=&#8221;middle&#8221; columns_height=&#8221;adjust_cols_height&#8221; font_color=&#8221;#ffffff&#8221; background_style=&#8221;normal&#8221; css=&#8221;.vc_custom_1590626409569{background-color: #03293d !important;}&#8221;][vc_column css=&#8221;.vc_custom_1592080742350{background-position: center !important;background-repeat: no-repeat !important;background-size: cover !important;}&#8221; offset=&#8221;vc_col-lg-6 vc_col-md-6&#8243;][vc_single_image image=&#8221;4467&#8243; img_size=&#8221;full&#8221; alignment=&#8221;center&#8221;][\/vc_column][vc_column css=&#8221;.vc_custom_1485446031871{margin-bottom: 0px !important;padding-top: 170px !important;padding-right: 15% !important;padding-bottom: 140px !important;padding-left: 15% !important;}&#8221; offset=&#8221;vc_col-lg-6 vc_col-md-6&#8243;][vc_column_text] Sinium.cz [\/vc_column_text][vc_column_text] \u2014 Celebrita vo svete CBD. [\/vc_column_text][vc_row_inner][vc_column_inner][vc_column_text]Spolo\u010dnos\u0165 Sinium sa \u0161pecializuje na v\u00fdrobu produktov s t\u00fdm najlep\u0161\u00edm CBD. Snna\u017e\u00edme [&hellip;]<\/p>\n","protected":false},"author":9,"featured_media":0,"parent":0,"menu_order":0,"comment_status":"closed","ping_status":"closed","template":"page-full-width.php","meta":[],"_links":{"self":[{"href":"https:\/\/sinium.cz\/sk\/wp-json\/wp\/v2\/pages\/4485"}],"collection":[{"href":"https:\/\/sinium.cz\/sk\/wp-json\/wp\/v2\/pages"}],"about":[{"href":"https:\/\/sinium.cz\/sk\/wp-json\/wp\/v2\/types\/page"}],"author":[{"embeddable":true,"href":"https:\/\/sinium.cz\/sk\/wp-json\/wp\/v2\/users\/9"}],"replies":[{"embeddable":true,"href":"https:\/\/sinium.cz\/sk\/wp-json\/wp\/v2\/comments?post=4485"}],"version-history":[{"count":4,"href":"https:\/\/sinium.cz\/sk\/wp-json\/wp\/v2\/pages\/4485\/revisions"}],"predecessor-version":[{"id":6029,"href":"https:\/\/sinium.cz\/sk\/wp-json\/wp\/v2\/pages\/4485\/revisions\/6029"}],"wp:attachment":[{"href":"https:\/\/sinium.cz\/sk\/wp-json\/wp\/v2\/media?parent=4485"}],"curies":[{"name":"wp","href":"https:\/\/api.w.org\/{rel}","templated":true}]}}