{"id":5192,"date":"2020-02-14T16:57:46","date_gmt":"2020-02-14T15:57:46","guid":{"rendered":"https:\/\/sinium.cz\/produkt\/cbd-oil-30-full-spectrum\/"},"modified":"2021-10-25T04:37:53","modified_gmt":"2021-10-25T02:37:53","slug":"cbd-oil-30-full-spectrum","status":"publish","type":"product","link":"https:\/\/sinium.cz\/en\/produkt\/cbd-oil-30-full-spectrum\/","title":{"rendered":"CBD oil 30% full spectrum"},"content":{"rendered":"<p><strong>CBD oil 30% full spectrum<\/strong><\/p>\n<p><strong>MCT CBD Enriched Oil (3000mg)<\/strong><\/p>\n<p><strong>Recommended daily dose:<\/strong> 2 to 6 drops a day.<\/p>\n<p><strong>Ingredients:<\/strong> MCT oil (medium saturated triacylglycerols from coconut oil), CBD (cannabidiol) 3 g \/ 10 ml<\/p>\n<p><strong>Also contains:<\/strong> CBDA (cannabidiol acid), CBG (cannabigerol), CBDV (cannabidivarin), CBCA (cannabidol acid)<br \/>\ncannabichromene)<\/p>\n<p>It does not contain artificial colors, aromatic or preservatives.<\/p>\n<p><strong>Volume<\/strong> 10ml \/ Contains 3000mg CBD<\/p>\n<p><strong>Manufacturer: Sinium s.r.o. , Mari\u00e1nsk\u00e9 n\u00e1m\u011bst\u00ed 617\/1, 617 00 Brno, ID number 07757484, obchod@sinium.cz<\/strong><\/p>\n<p>Keep out of reach of small children.<br \/>\nThe dietary supplement does not serve as a substitute for a varied and balanced diet and a healthy lifestyle.<br \/>\nDo not exceed the recommended daily dosage.<br \/>\nNot intended for children, pregnant and lactating women.[vc_column width=&#8221;1\/2&#8243;][vc_column_text]<\/p>\n<h4 style=\"text-align: center;\">The effect of the product and its benefits for you:<\/h4>\n<ul>\n<li>better sleep<\/li>\n<li>less stress<\/li>\n<li>immunity<\/li>\n<li>calmness<\/li>\n<\/ul>\n<p>[\/vc_column_text][\/vc_column][vc_column width=&#8221;1\/2&#8243;][vc_column_text]<\/p>\n<h4 style=\"text-align: center;\">Recommended<strong> dosage and use:<\/strong><\/h4>\n<ul>\n<li>1 drop once a day (dosage can be adjusted individually according to the needs or with regard to the need to solve the user&#8217;s health problems).<\/li>\n<li>Shake well before use.<\/li>\n<li>Serve on an empty stomach at least 30 minutes before a meal.<\/li>\n<li>Drip the recommended dose under tongue.<\/li>\n<li>Let the CBD oil work for 60 seconds and then swallow.<\/li>\n<li>Can also be added to fresh fruit or vegetable juices.<\/li>\n<li>Do not exceed the recommended daily dose.<\/li>\n<\/ul>\n<p>[\/vc_column_text][\/vc_column][\/vc_row][vc_row full_width=&#8221;stretch_row_content&#8221; content_placement=&#8221;top&#8221; css=&#8221;.vc_custom_1583883559645{background-color: #f7f7f9 !important;}&#8221; el_id=&#8221;popisproduktu&#8221;][vc_column][vc_column_text]*Food supplement. The product is not intended as a substitute for a varied diet. Keep out of reach of children. Store in a dark, dry and cool place with temperature below 20 \u00b0 C. Protect from sunlight and frost. Ensure a minimum shelf life by the date indicated on the product packaging.[\/vc_column_text][\/vc_column][\/vc_row]<\/p>\n","protected":false},"excerpt":{"rendered":"<p>FULL SPECTRUM &#8211; Unique and high product strength suitable for demanding users who want to approach their mental and physical health in a comprehensive, effective way and with regard to possible health problems.<\/p>\n<p>A unique food supplement that has a beneficial effect on the natural processes of the human body, supports its defenses and the ability to regenerate at a high load.<\/p>\n<p>An excellent product strong enough to absorb all the benefits of cannabis that you might need to boost your immune system.<\/p>\n<p>CBD does not induce or cause any psychoactive effects.<\/p>\n<h3>Volume: 10ml<\/h3>\n<p style=\"color: #a98b53;\">Guaranteed delivery within 3 working days<\/p>\n","protected":false},"featured_media":11217,"template":"","meta":[],"product_cat":[159],"product_tag":[],"_links":{"self":[{"href":"https:\/\/sinium.cz\/en\/wp-json\/wp\/v2\/product\/5192"}],"collection":[{"href":"https:\/\/sinium.cz\/en\/wp-json\/wp\/v2\/product"}],"about":[{"href":"https:\/\/sinium.cz\/en\/wp-json\/wp\/v2\/types\/product"}],"wp:featuredmedia":[{"embeddable":true,"href":"https:\/\/sinium.cz\/en\/wp-json\/wp\/v2\/media\/11217"}],"wp:attachment":[{"href":"https:\/\/sinium.cz\/en\/wp-json\/wp\/v2\/media?parent=5192"}],"wp:term":[{"taxonomy":"product_cat","embeddable":true,"href":"https:\/\/sinium.cz\/en\/wp-json\/wp\/v2\/product_cat?post=5192"},{"taxonomy":"product_tag","embeddable":true,"href":"https:\/\/sinium.cz\/en\/wp-json\/wp\/v2\/product_tag?post=5192"}],"curies":[{"name":"wp","href":"https:\/\/api.w.org\/{rel}","templated":true}]}}