{"id":11654,"date":"2021-09-07T05:16:20","date_gmt":"2021-09-07T03:16:20","guid":{"rendered":"https:\/\/sinium.cz\/produkt\/cbg-oil-15-full-spectrum\/"},"modified":"2021-10-25T04:54:58","modified_gmt":"2021-10-25T02:54:58","slug":"cbg-oil-15-full-spectrum","status":"publish","type":"product","link":"https:\/\/sinium.cz\/en\/produkt\/cbg-oil-15-full-spectrum\/","title":{"rendered":"CBG oil 15% full spectrum"},"content":{"rendered":"<p><strong>CBG oil 15% full spectrum<\/strong><\/p>\n<p><strong>MCT Oil enriched with CBG (1500mg)<\/strong><\/p>\n<p><strong>Recommended daily dose:<\/strong> 2 to 6 drops a day.<\/p>\n<p><strong>Ingredients:<\/strong> MCT oil (medium saturated triacylglycerols from coconut oil), CBG (cannabigerol)<br \/>\n1.5 g CBD \/ 10ml product<\/p>\n<p><strong>Package contents 10ml \/ Contains 1500mg CBG<\/strong><\/p>\n<p><strong>Manufacturer: Sinium s.r.o. , Mari\u00e1nsk\u00e9 n\u00e1m\u011bst\u00ed 617\/1, 617 00 Brno, ID number 07757484, obchod@sinium.cz<\/strong><\/p>\n<p>Keep out of reach of small children.<br \/>\nThe dietary supplement does not serve as a substitute for a varied and balanced diet and a healthy lifestyle.<br \/>\nDo not exceed the recommended daily dosage.<br \/>\nNot intended for children, pregnant and lactating women.<\/p>\n","protected":false},"excerpt":{"rendered":"<p><strong>Size: 10ml \/ Contains 1500mg CBG<\/strong><\/p>\n<p><strong>Manufacturer: Sinium s.r.o. , Mari\u00e1nsk\u00e9 n\u00e1m\u011bst\u00ed 617\/1, 617 00 Brno, ID number 07757484, obchod@sinium.cz<\/strong><\/p>\n","protected":false},"featured_media":11655,"template":"","meta":[],"product_cat":[159],"product_tag":[],"_links":{"self":[{"href":"https:\/\/sinium.cz\/en\/wp-json\/wp\/v2\/product\/11654"}],"collection":[{"href":"https:\/\/sinium.cz\/en\/wp-json\/wp\/v2\/product"}],"about":[{"href":"https:\/\/sinium.cz\/en\/wp-json\/wp\/v2\/types\/product"}],"wp:featuredmedia":[{"embeddable":true,"href":"https:\/\/sinium.cz\/en\/wp-json\/wp\/v2\/media\/11655"}],"wp:attachment":[{"href":"https:\/\/sinium.cz\/en\/wp-json\/wp\/v2\/media?parent=11654"}],"wp:term":[{"taxonomy":"product_cat","embeddable":true,"href":"https:\/\/sinium.cz\/en\/wp-json\/wp\/v2\/product_cat?post=11654"},{"taxonomy":"product_tag","embeddable":true,"href":"https:\/\/sinium.cz\/en\/wp-json\/wp\/v2\/product_tag?post=11654"}],"curies":[{"name":"wp","href":"https:\/\/api.w.org\/{rel}","templated":true}]}}